{"id":998,"date":"2024-06-12T07:47:58","date_gmt":"2024-06-12T07:47:58","guid":{"rendered":"https:\/\/esmorzaretlliria.com\/?post_type=product&#038;p=998"},"modified":"2025-06-27T09:23:29","modified_gmt":"2025-06-27T09:23:29","slug":"bar-ca-toni","status":"publish","type":"product","link":"https:\/\/esmorzaretlliria.com\/index.php\/producto\/bar-ca-toni\/","title":{"rendered":"Bar Q Casa"},"content":{"rendered":"<p><strong>Gaudeix del sabor intens i equilibrat de l\u2019entrep\u00e0 del Bar Q Casa!<\/strong><br \/>\nUna combinaci\u00f3 deliciosa de\u00a0<strong>vedella tendra i sucosa<\/strong>, acompanyada de\u00a0<strong>pimentons confitats<\/strong>\u00a0que aporten dol\u00e7or i profunditat. El toc final el posa el\u00a0<strong>formatge de cabra<\/strong>, amb la seua cremositat i car\u00e0cter, que arrodoneix cada mos amb una explosi\u00f3 de sabor. Un entrep\u00e0 senzill per\u00f2 amb una personalitat que no deixa indiferent!<\/p>\n","protected":false},"excerpt":{"rendered":"<p><strong>Gaudeix del sabor intens i equilibrat de l\u2019entrep\u00e0 del Bar Q Casa!<\/strong><br \/>\nUna combinaci\u00f3 deliciosa de\u00a0<strong>vedella tendra i sucosa<\/strong>, acompanyada de\u00a0<strong>pimentons confitats<\/strong>\u00a0que aporten dol\u00e7or i profunditat. El toc final el posa el\u00a0<strong>formatge de cabra<\/strong>, amb la seua cremositat i car\u00e0cter, que arrodoneix cada mos amb una explosi\u00f3 de sabor. Un entrep\u00e0 senzill per\u00f2 amb una personalitat que no deixa indiferent!<\/p>\n<p><strong>Ingredients:<\/strong><\/p>\n<ul>\n<li><strong>Vedella<\/strong><\/li>\n<li><strong>Pimentons confitats<\/strong><\/li>\n<li><strong>Formatge de cabra<\/strong><\/li>\n<li><strong>Pa torrat<\/strong><\/li>\n<\/ul>\n<p><strong>Horari: <\/strong>L&#8217;esmorzaret lliri\u00e0 es serveix fins les 12.00h<\/p>\n<p><b>Tanca: <\/b>Diumenge<\/p>\n<p><a href=\"https:\/\/maps.app.goo.gl\/E4A6MC82Jh9k259r9\" target=\"_blank\" rel=\"noopener\">Carrer del M\u00e9dico Miguel P\u00e9rez, 20, 46160 Ll\u00edria, Valencia<\/a><\/p>\n<p><strong>611 95 60 62<\/strong><\/p>\n<p><a class=\"fusion-button button-flat fusion-button-default-size button-default fusion-button-default button-1 fusion-button-default-span fusion-button-default-type\" href=\"https:\/\/www.google.es\/maps\/dir\/\/Qcasa+bar,+Carrer+del+M%C3%A9dico+Miguel+P%C3%A9rez,+20,+46160+Ll%C3%ADria,+Valencia\/@39.628177,-0.5986314,19z\/data=!4m17!1m7!3m6!1s0xd605f00f7409e4d:0x25697c88715d0a83!2sQcasa+bar!8m2!3d39.628176!4d-0.5979877!16s%2Fg%2F11x8fqsr61!4m8!1m0!1m5!1m1!1s0xd605f00f7409e4d:0x25697c88715d0a83!2m2!1d-0.5979877!2d39.628176!3e3?entry=ttu&amp;g_ep=EgoyMDI1MDYxNy4wIKXMDSoASAFQAw%3D%3D\" target=\"_blank\" rel=\"noopener noreferrer\"><i class=\"fa-map-marker-alt fas button-icon-left\" aria-hidden=\"true\"><\/i><span class=\"fusion-button-text\">Anar al local<\/span><\/a><\/p>\n","protected":false},"featured_media":1041,"comment_status":"closed","ping_status":"closed","template":"","meta":[],"product_brand":[],"product_cat":[28],"product_tag":[],"class_list":{"0":"post-998","1":"product","2":"type-product","3":"status-publish","4":"has-post-thumbnail","6":"product_cat-most-popular","8":"first","9":"instock","10":"featured","11":"shipping-taxable","12":"product-type-simple"},"_links":{"self":[{"href":"https:\/\/esmorzaretlliria.com\/index.php\/wp-json\/wp\/v2\/product\/998","targetHints":{"allow":["GET"]}}],"collection":[{"href":"https:\/\/esmorzaretlliria.com\/index.php\/wp-json\/wp\/v2\/product"}],"about":[{"href":"https:\/\/esmorzaretlliria.com\/index.php\/wp-json\/wp\/v2\/types\/product"}],"replies":[{"embeddable":true,"href":"https:\/\/esmorzaretlliria.com\/index.php\/wp-json\/wp\/v2\/comments?post=998"}],"wp:featuredmedia":[{"embeddable":true,"href":"https:\/\/esmorzaretlliria.com\/index.php\/wp-json\/wp\/v2\/media\/1041"}],"wp:attachment":[{"href":"https:\/\/esmorzaretlliria.com\/index.php\/wp-json\/wp\/v2\/media?parent=998"}],"wp:term":[{"taxonomy":"product_brand","embeddable":true,"href":"https:\/\/esmorzaretlliria.com\/index.php\/wp-json\/wp\/v2\/product_brand?post=998"},{"taxonomy":"product_cat","embeddable":true,"href":"https:\/\/esmorzaretlliria.com\/index.php\/wp-json\/wp\/v2\/product_cat?post=998"},{"taxonomy":"product_tag","embeddable":true,"href":"https:\/\/esmorzaretlliria.com\/index.php\/wp-json\/wp\/v2\/product_tag?post=998"}],"curies":[{"name":"wp","href":"https:\/\/api.w.org\/{rel}","templated":true}]}}