{"id":203,"date":"2020-04-07T08:35:14","date_gmt":"2020-04-07T08:35:14","guid":{"rendered":"https:\/\/esmorzaretlliria.com\/?post_type=product&#038;p=203"},"modified":"2025-06-27T09:24:12","modified_gmt":"2025-06-27T09:24:12","slug":"la-taula-de-lliria","status":"publish","type":"product","link":"https:\/\/esmorzaretlliria.com\/index.php\/producto\/la-taula-de-lliria\/","title":{"rendered":"La Taula De Ll\u00edria"},"content":{"rendered":"<p><strong>Descobreix l\u2019eleg\u00e0ncia i el sabor de l\u2019entrep\u00e0 de La Taula de Ll\u00edria!<\/strong><br \/>\nUna combinaci\u00f3 exquisida de\u00a0<strong>cuixa de pollastre confitat en oli d\u2019oliva verge extra<\/strong>, que es fon amb la intensitat de la\u00a0<strong>sobrassada lliriana<\/strong>. El\u00a0<strong>formatge brie<\/strong>, suau i crem\u00f3s, aporta un toc gurmet, mentre que el\u00a0<strong>cruixent de ceba i all porro<\/strong>\u00a0afegeix textura i un contrast de sabors que et sorprendr\u00e0. Un entrep\u00e0 pensat per als paladars m\u00e9s exigents!<\/p>\n","protected":false},"excerpt":{"rendered":"<p><strong>Descobreix l\u2019eleg\u00e0ncia i el sabor de l\u2019entrep\u00e0 de La Taula de Ll\u00edria!<\/strong><br \/>\nUna combinaci\u00f3 exquisida de\u00a0<strong>cuixa de pollastre confitat en oli d\u2019oliva verge extra<\/strong>, que es fon amb la intensitat de la\u00a0<strong>sobrassada lliriana<\/strong>. El\u00a0<strong>formatge brie<\/strong>, suau i crem\u00f3s, aporta un toc gurmet, mentre que el\u00a0<strong>cruixent de ceba i all porro<\/strong>\u00a0afegeix textura i un contrast de sabors que et sorprendr\u00e0. Un entrep\u00e0 pensat per als paladars m\u00e9s exigents!<\/p>\n<p><strong>Ingredients:<\/strong><\/p>\n<ul>\n<li><strong>Cuixa de pollastre confitat en oli d\u2019oliva verge extra<\/strong><\/li>\n<li><strong>Sobrasada lliriana<\/strong><\/li>\n<li><strong>Formatge brie<\/strong><\/li>\n<li><strong>Cruixent de ceba i all porro<\/strong><\/li>\n<li><strong>Pa torrat<\/strong><\/li>\n<\/ul>\n<p><strong>Horari: <\/strong>L&#8217;esmorzaret lliri\u00e0 es serveix fins les 12.00h.<\/p>\n<div class=\"min-h-[20px] text-message flex flex-col items-start whitespace-pre-wrap break-words [.text-message+&amp;]:mt-5 juice:w-full juice:items-end overflow-x-auto gap-2\" dir=\"auto\" data-message-author-role=\"assistant\" data-message-id=\"68eeabc8-fb41-4569-880b-a08d476fbd02\">\n<div class=\"flex w-full flex-col gap-1 juice:empty:hidden juice:first:pt-[3px]\">\n<div class=\"markdown prose w-full break-words dark:prose-invert light\">\n<p><strong>Tancat: <\/strong>Dimarts i tots els diumenges d&#8217;agost<\/p>\n<\/div>\n<\/div>\n<\/div>\n<p><a href=\"https:\/\/maps.app.goo.gl\/RW94yKVMjp8bJjh19\">C. San Vicente Ferrer, 12, 46160 Ll\u00edria, Valencia<\/a><\/p>\n<p><strong>962 78 00 91<\/strong><\/p>\n<p><a class=\"fusion-button button-flat fusion-button-default-size button-default fusion-button-default button-1 fusion-button-default-span fusion-button-default-type\" href=\"https:\/\/maps.app.goo.gl\/RW94yKVMjp8bJjh19\" target=\"_blank\" rel=\"noopener noreferrer\"><i class=\"fa-map-marker-alt fas button-icon-left\" aria-hidden=\"true\"><\/i><span class=\"fusion-button-text\">Anar al local<\/span><\/a><\/p>\n","protected":false},"featured_media":1038,"comment_status":"closed","ping_status":"closed","template":"","meta":[],"product_brand":[],"product_cat":[28],"product_tag":[],"class_list":{"0":"post-203","1":"product","2":"type-product","3":"status-publish","4":"has-post-thumbnail","6":"product_cat-most-popular","8":"first","9":"instock","10":"featured","11":"shipping-taxable","12":"product-type-simple"},"_links":{"self":[{"href":"https:\/\/esmorzaretlliria.com\/index.php\/wp-json\/wp\/v2\/product\/203","targetHints":{"allow":["GET"]}}],"collection":[{"href":"https:\/\/esmorzaretlliria.com\/index.php\/wp-json\/wp\/v2\/product"}],"about":[{"href":"https:\/\/esmorzaretlliria.com\/index.php\/wp-json\/wp\/v2\/types\/product"}],"replies":[{"embeddable":true,"href":"https:\/\/esmorzaretlliria.com\/index.php\/wp-json\/wp\/v2\/comments?post=203"}],"wp:featuredmedia":[{"embeddable":true,"href":"https:\/\/esmorzaretlliria.com\/index.php\/wp-json\/wp\/v2\/media\/1038"}],"wp:attachment":[{"href":"https:\/\/esmorzaretlliria.com\/index.php\/wp-json\/wp\/v2\/media?parent=203"}],"wp:term":[{"taxonomy":"product_brand","embeddable":true,"href":"https:\/\/esmorzaretlliria.com\/index.php\/wp-json\/wp\/v2\/product_brand?post=203"},{"taxonomy":"product_cat","embeddable":true,"href":"https:\/\/esmorzaretlliria.com\/index.php\/wp-json\/wp\/v2\/product_cat?post=203"},{"taxonomy":"product_tag","embeddable":true,"href":"https:\/\/esmorzaretlliria.com\/index.php\/wp-json\/wp\/v2\/product_tag?post=203"}],"curies":[{"name":"wp","href":"https:\/\/api.w.org\/{rel}","templated":true}]}}