{"id":201,"date":"2020-04-07T08:28:05","date_gmt":"2020-04-07T08:28:05","guid":{"rendered":"https:\/\/esmorzaretlliria.com\/?post_type=product&#038;p=201"},"modified":"2025-09-03T10:07:26","modified_gmt":"2025-09-03T10:07:26","slug":"lestermesgastrobar","status":"publish","type":"product","link":"https:\/\/esmorzaretlliria.com\/index.php\/producto\/lestermesgastrobar\/","title":{"rendered":"Les Termes Gastrobar"},"content":{"rendered":"<p><strong>Submergeix-te en una experi\u00e8ncia gastron\u00f2mica amb l\u2019entrep\u00e0 de Les Termes Gastrobar!<\/strong><br \/>\nUna del\u00edcia que combina la tendresa de les\u00a0<strong>carrilleres cuinades a baixa temperatura<\/strong>, que es desfan a la boca, amb l\u2019eleg\u00e0ncia dels\u00a0<strong>rovells d\u2019ou curats en soja<\/strong>, plens d\u2019umami i intensitat. Tot aix\u00f2 reposa sobre una base suau i reconfortant de\u00a0<strong>cre\u00eflles<\/strong>, creant un equilibri perfecte entre sabor, textura i sofisticaci\u00f3. Un entrep\u00e0 que et far\u00e0 redescobrir el plaer de menjar!<\/p>\n","protected":false},"excerpt":{"rendered":"<p><strong>Submergeix-te en una experi\u00e8ncia gastron\u00f2mica amb l\u2019entrep\u00e0 de Les Termes Gastrobar!<\/strong><br \/>\nUna del\u00edcia que combina la tendresa de les\u00a0<strong>carrilleres cuinades a baixa temperatura<\/strong>, que es desfan a la boca, amb l\u2019eleg\u00e0ncia dels\u00a0<strong>rovells d\u2019ou curats en soja<\/strong>, plens d\u2019umami i intensitat. Tot aix\u00f2 reposa sobre una base suau i reconfortant de\u00a0<strong>cre\u00eflles<\/strong>, creant un equilibri perfecte entre sabor, textura i sofisticaci\u00f3. Un entrep\u00e0 que et far\u00e0 redescobrir el plaer de menjar!<\/p>\n<p><strong>Ingredients:<\/strong><\/p>\n<ul>\n<li><strong>Carrilleres cuinades a baixa temperatura<\/strong><\/li>\n<li><strong>Rovells d\u2019ou curats en soja<\/strong><\/li>\n<li><strong>Base de cre\u00eflles<\/strong><\/li>\n<li><strong>Pa torrat<\/strong><\/li>\n<\/ul>\n<p><strong>Horari: <\/strong>L&#8217;esmorzaret lliri\u00e0 es serveix fins les 12.00h.<\/p>\n<p><strong>Tanca: <\/strong>diumenges<\/p>\n<p><a href=\"https:\/\/maps.app.goo.gl\/xZHUdUEHhTmqs8M78\">Carrer de la Historiadora Remedios Contreras, 8, 46160 Ll\u00edria, Valencia<\/a><\/p>\n<p><strong>633 87 71 47<\/strong><\/p>\n<p><a class=\"fusion-button button-flat fusion-button-default-size button-default fusion-button-default button-1 fusion-button-default-span fusion-button-default-type\" href=\"https:\/\/maps.app.goo.gl\/xZHUdUEHhTmqs8M78\" target=\"_blank\" rel=\"noopener noreferrer\"><i class=\"fa-map-marker-alt fas button-icon-left\" aria-hidden=\"true\"><\/i><span class=\"fusion-button-text\">Anar al local<\/span><\/a><\/p>\n","protected":false},"featured_media":1039,"comment_status":"closed","ping_status":"closed","template":"","meta":[],"product_brand":[],"product_cat":[28],"product_tag":[],"class_list":{"0":"post-201","1":"product","2":"type-product","3":"status-publish","4":"has-post-thumbnail","6":"product_cat-most-popular","8":"first","9":"instock","10":"featured","11":"shipping-taxable","12":"product-type-simple"},"_links":{"self":[{"href":"https:\/\/esmorzaretlliria.com\/index.php\/wp-json\/wp\/v2\/product\/201","targetHints":{"allow":["GET"]}}],"collection":[{"href":"https:\/\/esmorzaretlliria.com\/index.php\/wp-json\/wp\/v2\/product"}],"about":[{"href":"https:\/\/esmorzaretlliria.com\/index.php\/wp-json\/wp\/v2\/types\/product"}],"replies":[{"embeddable":true,"href":"https:\/\/esmorzaretlliria.com\/index.php\/wp-json\/wp\/v2\/comments?post=201"}],"wp:featuredmedia":[{"embeddable":true,"href":"https:\/\/esmorzaretlliria.com\/index.php\/wp-json\/wp\/v2\/media\/1039"}],"wp:attachment":[{"href":"https:\/\/esmorzaretlliria.com\/index.php\/wp-json\/wp\/v2\/media?parent=201"}],"wp:term":[{"taxonomy":"product_brand","embeddable":true,"href":"https:\/\/esmorzaretlliria.com\/index.php\/wp-json\/wp\/v2\/product_brand?post=201"},{"taxonomy":"product_cat","embeddable":true,"href":"https:\/\/esmorzaretlliria.com\/index.php\/wp-json\/wp\/v2\/product_cat?post=201"},{"taxonomy":"product_tag","embeddable":true,"href":"https:\/\/esmorzaretlliria.com\/index.php\/wp-json\/wp\/v2\/product_tag?post=201"}],"curies":[{"name":"wp","href":"https:\/\/api.w.org\/{rel}","templated":true}]}}