{"id":198,"date":"2020-04-06T16:37:06","date_gmt":"2020-04-06T16:37:06","guid":{"rendered":"https:\/\/esmorzaretlliria.com\/?post_type=product&#038;p=198"},"modified":"2025-06-30T23:01:05","modified_gmt":"2025-06-30T23:01:05","slug":"cafeteria-me-da-igual","status":"publish","type":"product","link":"https:\/\/esmorzaretlliria.com\/index.php\/producto\/cafeteria-me-da-igual\/","title":{"rendered":"Cafeter\u00eda Me Da Igual"},"content":{"rendered":"<p><strong>Atreveix-te amb l\u2019entrep\u00e0 m\u00e9s original de la Cafeteria Me da Igual!<\/strong><br \/>\nUna combinaci\u00f3 sorprenent de\u00a0<strong>xori\u00e7o intens i formatge fos<\/strong>, coronada amb una\u00a0<strong>salsa de magdalenes<\/strong>\u00a0que aporta un toc dol\u00e7 i inesperat. El conjunt es completa amb\u00a0<strong>julivert fresc<\/strong>,\u00a0<strong>alf\u00e0bega arom\u00e0tica<\/strong>, un toc de\u00a0<strong>mostassa viva<\/strong>, i el contrapunt salat de les\u00a0<strong>t\u00e0peres<\/strong>\u00a0i els\u00a0<strong>cogombrets<\/strong>. Una experi\u00e8ncia \u00fanica que et far\u00e0 canviar la manera de veure els entrepans!<\/p>\n","protected":false},"excerpt":{"rendered":"<p><strong>Atreveix-te amb l\u2019entrep\u00e0 m\u00e9s original de la Cafeteria Me da Igual!<\/strong><br \/>\nUna combinaci\u00f3 sorprenent de\u00a0<strong>xori\u00e7o intens i formatge fos<\/strong>, coronada amb una\u00a0<strong>salsa de magdalenes<\/strong>\u00a0que aporta un toc dol\u00e7 i inesperat. El conjunt es completa amb\u00a0<strong>julivert fresc<\/strong>,\u00a0<strong>alf\u00e0bega arom\u00e0tica<\/strong>, un toc de\u00a0<strong>mostassa viva<\/strong>, i el contrapunt salat de les\u00a0<strong>t\u00e0peres<\/strong>\u00a0i els\u00a0<strong>cogombrets<\/strong>. Una experi\u00e8ncia \u00fanica que et far\u00e0 canviar la manera de veure els entrepans!<\/p>\n<p><strong>Ingredients:<\/strong><\/p>\n<ul>\n<li><strong>Xori\u00e7o<\/strong><\/li>\n<li><strong>Formatge<\/strong><\/li>\n<li><strong>Salsa de magdalenes<\/strong><\/li>\n<li><strong>Julivert<\/strong><\/li>\n<li><strong>Alf\u00e0bega<\/strong><\/li>\n<li><strong>Mostassa<\/strong><\/li>\n<li><strong>T\u00e0peres<\/strong><\/li>\n<li><strong>Cogombrets<\/strong><\/li>\n<li><strong>Pa torrat<\/strong><\/li>\n<\/ul>\n<p><strong>Horari: <\/strong>L&#8217;esmorzaret lliri\u00e0 es serveix fins les 12.00h.<\/p>\n<p><strong>Tanca: <\/strong>Diumenge i dilluns<\/p>\n<p><strong>Vacances: <\/strong>7 al 21 de setembre<\/p>\n<p><strong>Cam\u00ed de Mura, 7, 46160 Ll\u00edria, Valencia<\/strong><\/p>\n<p><strong>673 03 37 61<\/strong><\/p>\n<p><a class=\"fusion-button button-flat fusion-button-default-size button-default fusion-button-default button-1 fusion-button-default-span fusion-button-default-type\" href=\"https:\/\/goo.gl\/maps\/gdVvtN7hxFTzH5zw7\" target=\"_blank\" rel=\"noopener noreferrer\"><i class=\"fa-map-marker-alt fas button-icon-left\" aria-hidden=\"true\"><\/i><span class=\"fusion-button-text\">Anar al local<\/span><\/a><\/p>\n","protected":false},"featured_media":1035,"comment_status":"closed","ping_status":"closed","template":"","meta":[],"product_brand":[],"product_cat":[28],"product_tag":[],"class_list":{"0":"post-198","1":"product","2":"type-product","3":"status-publish","4":"has-post-thumbnail","6":"product_cat-most-popular","8":"first","9":"instock","10":"featured","11":"shipping-taxable","12":"product-type-simple"},"_links":{"self":[{"href":"https:\/\/esmorzaretlliria.com\/index.php\/wp-json\/wp\/v2\/product\/198","targetHints":{"allow":["GET"]}}],"collection":[{"href":"https:\/\/esmorzaretlliria.com\/index.php\/wp-json\/wp\/v2\/product"}],"about":[{"href":"https:\/\/esmorzaretlliria.com\/index.php\/wp-json\/wp\/v2\/types\/product"}],"replies":[{"embeddable":true,"href":"https:\/\/esmorzaretlliria.com\/index.php\/wp-json\/wp\/v2\/comments?post=198"}],"wp:featuredmedia":[{"embeddable":true,"href":"https:\/\/esmorzaretlliria.com\/index.php\/wp-json\/wp\/v2\/media\/1035"}],"wp:attachment":[{"href":"https:\/\/esmorzaretlliria.com\/index.php\/wp-json\/wp\/v2\/media?parent=198"}],"wp:term":[{"taxonomy":"product_brand","embeddable":true,"href":"https:\/\/esmorzaretlliria.com\/index.php\/wp-json\/wp\/v2\/product_brand?post=198"},{"taxonomy":"product_cat","embeddable":true,"href":"https:\/\/esmorzaretlliria.com\/index.php\/wp-json\/wp\/v2\/product_cat?post=198"},{"taxonomy":"product_tag","embeddable":true,"href":"https:\/\/esmorzaretlliria.com\/index.php\/wp-json\/wp\/v2\/product_tag?post=198"}],"curies":[{"name":"wp","href":"https:\/\/api.w.org\/{rel}","templated":true}]}}