{"id":196,"date":"2020-04-06T16:34:16","date_gmt":"2020-04-06T16:34:16","guid":{"rendered":"https:\/\/esmorzaretlliria.com\/?post_type=product&#038;p=196"},"modified":"2025-07-15T11:16:45","modified_gmt":"2025-07-15T11:16:45","slug":"cafeteria-el-clarin","status":"publish","type":"product","link":"https:\/\/esmorzaretlliria.com\/index.php\/producto\/cafeteria-el-clarin\/","title":{"rendered":"Cafeteria Restaurant Aifos (Tancat temporalment)"},"content":{"rendered":"<p><strong>Descobreix l\u2019autenticitat i el sabor casol\u00e0 de l\u2019entrep\u00e0 de la Cafeteria Restaurant Aifos!<\/strong><br \/>\nUna proposta que et transporta a la cuina de l\u2019\u00e0via amb la seua combinaci\u00f3 de\u00a0<strong>llonganissa a la brasa<\/strong>, plena d\u2019aroma i intensitat, sobre un\u00a0<strong>llit de botifarra caramelitzada<\/strong>\u00a0que aporta dol\u00e7or i profunditat. Tot aix\u00f2 es veu esguitat amb una\u00a0<strong>salsa verda de fabes a les fines herbes<\/strong>, que refresca i equilibra. El toc salat del\u00a0<strong>pernil<\/strong>\u00a0i la suavitat de la\u00a0<strong>crema de sambarot a l\u2019estil de l\u2019\u00e0via<\/strong>\u00a0completen un entrep\u00e0 que \u00e9s pura tradici\u00f3 amb un toc gurmet.<\/p>\n","protected":false},"excerpt":{"rendered":"<p><strong>Degut a motius personals, la Cafeteria Restaurant Aifos no continua participant en la campanya.<\/p>\n<p>Descobreix l\u2019autenticitat i el sabor casol\u00e0 de l\u2019entrep\u00e0 de la Cafeteria Restaurant Aifos!<\/strong><br \/>\nUna proposta que et transporta a la cuina de l\u2019\u00e0via amb la seua combinaci\u00f3 de\u00a0<strong>llonganissa a la brasa<\/strong>, plena d\u2019aroma i intensitat, sobre un\u00a0<strong>llit de botifarra caramelitzada<\/strong>\u00a0que aporta dol\u00e7or i profunditat. Tot aix\u00f2 es veu esguitat amb una\u00a0<strong>salsa verda de fabes a les fines herbes<\/strong>, que refresca i equilibra. El toc salat del\u00a0<strong>pernil<\/strong>\u00a0i la suavitat de la\u00a0<strong>crema de sambarot a l\u2019estil de l\u2019\u00e0via<\/strong>\u00a0completen un entrep\u00e0 que \u00e9s pura tradici\u00f3 amb un toc gurmet.<\/p>\n<p><strong>Ingredients:<\/strong><\/p>\n<ul>\n<li><strong>Llonganissa a la brasa<\/strong><\/li>\n<li><strong>Botifarra caramelitzada<\/strong><\/li>\n<li><strong>Salsa verda de fabes a les fines herbes<\/strong><\/li>\n<li><strong>Pernil<\/strong><\/li>\n<li><strong>Crema de sambarot a l\u2019estil de l\u2019\u00e0via<\/strong><\/li>\n<li><strong>Pa torrat<\/strong><\/li>\n<\/ul>\n<p><strong><br \/>\nHorari: Tancat temporalment<\/strong><\/p>\n<p><strong>Tanca:<\/strong> Dilluns<\/p>\n<p><a href=\"https:\/\/maps.app.goo.gl\/uQQUXFMrUcjdJ23T6\">Pla\u00e7a Mayor, 26, 46160 Ll\u00edria, Valencia<\/a><\/p>\n<p><strong>626 43 72 16<\/strong><\/p>\n<p><a class=\"fusion-button button-flat fusion-button-default-size button-default fusion-button-default button-1 fusion-button-default-span fusion-button-default-type\" href=\"https:\/\/www.google.es\/maps\/dir\/\/Cafeteria+Restaurante+Aifos,+Pla%C3%A7a+Mayor,+26,+46160+Ll%C3%ADria,+Valencia\/@39.6257323,-0.5978954,17z\/data=!4m17!1m7!3m6!1s0xd605fed5c519fe5:0x295f547d3c78dace!2sCafeteria+Restaurante+Aifos!8m2!3d39.6257282!4d-0.5953205!16s%2Fg%2F11md31v55y!4m8!1m0!1m5!1m1!1s0xd605fed5c519fe5:0x295f547d3c78dace!2m2!1d-0.5953205!2d39.6257282!3e3?entry=ttu&amp;g_ep=EgoyMDI1MDYxNy4wIKXMDSoASAFQAw%3D%3D\" target=\"_blank\" rel=\"noopener noreferrer\"><i class=\"fa-map-marker-alt fas button-icon-left\" aria-hidden=\"true\"><\/i><span class=\"fusion-button-text\">Anar al local<\/span><\/a><\/p>\n","protected":false},"featured_media":1043,"comment_status":"open","ping_status":"closed","template":"","meta":[],"product_brand":[],"product_cat":[28],"product_tag":[],"class_list":{"0":"post-196","1":"product","2":"type-product","3":"status-publish","4":"has-post-thumbnail","6":"product_cat-most-popular","8":"first","9":"instock","10":"featured","11":"shipping-taxable","12":"product-type-simple"},"_links":{"self":[{"href":"https:\/\/esmorzaretlliria.com\/index.php\/wp-json\/wp\/v2\/product\/196","targetHints":{"allow":["GET"]}}],"collection":[{"href":"https:\/\/esmorzaretlliria.com\/index.php\/wp-json\/wp\/v2\/product"}],"about":[{"href":"https:\/\/esmorzaretlliria.com\/index.php\/wp-json\/wp\/v2\/types\/product"}],"replies":[{"embeddable":true,"href":"https:\/\/esmorzaretlliria.com\/index.php\/wp-json\/wp\/v2\/comments?post=196"}],"wp:featuredmedia":[{"embeddable":true,"href":"https:\/\/esmorzaretlliria.com\/index.php\/wp-json\/wp\/v2\/media\/1043"}],"wp:attachment":[{"href":"https:\/\/esmorzaretlliria.com\/index.php\/wp-json\/wp\/v2\/media?parent=196"}],"wp:term":[{"taxonomy":"product_brand","embeddable":true,"href":"https:\/\/esmorzaretlliria.com\/index.php\/wp-json\/wp\/v2\/product_brand?post=196"},{"taxonomy":"product_cat","embeddable":true,"href":"https:\/\/esmorzaretlliria.com\/index.php\/wp-json\/wp\/v2\/product_cat?post=196"},{"taxonomy":"product_tag","embeddable":true,"href":"https:\/\/esmorzaretlliria.com\/index.php\/wp-json\/wp\/v2\/product_tag?post=196"}],"curies":[{"name":"wp","href":"https:\/\/api.w.org\/{rel}","templated":true}]}}