{"id":139,"date":"2020-04-06T13:19:53","date_gmt":"2020-04-06T13:19:53","guid":{"rendered":"https:\/\/esmorzaretlliria.com\/?post_type=product&#038;p=139"},"modified":"2025-06-30T23:05:36","modified_gmt":"2025-06-30T23:05:36","slug":"bar-dos-rodes","status":"publish","type":"product","link":"https:\/\/esmorzaretlliria.com\/index.php\/producto\/bar-dos-rodes\/","title":{"rendered":"Sa\u00f3 Espai Gastron\u00f2mic"},"content":{"rendered":"<p><strong>Deixa\u2019t sorprendre per la creativitat i el sabor intens de la pataqueta de Sa\u00f3 Espai Gastron\u00f2mic!<\/strong><br \/>\nUna proposta \u00fanica amb\u00a0<strong>pans de garrofa<\/strong>, que aporten un toc r\u00fastic i lleugerament dol\u00e7, farcits amb\u00a0<strong>cansalada cuinada a baixa temperatura<\/strong>, melosa i plena de sabor. Aquesta es presenta\u00a0<strong>gla\u00e7ada amb cervesa artesana<\/strong>, que li dona un acabat brillant i un toc amarg suau. El contrast arriba amb els\u00a0<strong>confitats de tamarinde<\/strong>, que afegeixen un punt \u00e0cid i ex\u00f2tic que eleva l\u2019experi\u00e8ncia a un altre nivell. Una fusi\u00f3 de tradici\u00f3 i innovaci\u00f3 que et deixar\u00e0 bocabadat!<\/p>\n","protected":false},"excerpt":{"rendered":"<p><strong>Deixa\u2019t sorprendre per la creativitat i el sabor intens de la pataqueta de Sa\u00f3 Espai Gastron\u00f2mic!<\/strong><br \/>\nUna proposta \u00fanica amb\u00a0<strong>pans de garrofa<\/strong>, que aporten un toc r\u00fastic i lleugerament dol\u00e7, farcits amb\u00a0<strong>cansalada cuinada a baixa temperatura<\/strong>, melosa i plena de sabor. Aquesta es presenta\u00a0<strong>gla\u00e7ada amb cervesa artesana<\/strong>, que li dona un acabat brillant i un toc amarg suau. El contrast arriba amb els\u00a0<strong>confitats de tamarinde<\/strong>, que afegeixen un punt \u00e0cid i ex\u00f2tic que eleva l\u2019experi\u00e8ncia a un altre nivell. Una fusi\u00f3 de tradici\u00f3 i innovaci\u00f3 que et deixar\u00e0 bocabadat!<\/p>\n<p><strong>Ingredients:<\/strong><\/p>\n<ul>\n<li><strong>Pataqueta de garrofa<\/strong><\/li>\n<li><strong>Cansalada cuinada a baixa temperatura<\/strong><\/li>\n<li><strong>Gla\u00e7a de cervesa artesana<\/strong><\/li>\n<li><strong>Confitats de tamarinde<\/strong><\/li>\n<\/ul>\n<p><strong>Horari: <\/strong>L&#8217;esmorzaret lliri\u00e0 es serveix fins les 12.00h.<\/p>\n<p><strong>Tanca: <\/strong>Dilluns i dimarts<\/p>\n<p><a href=\"https:\/\/maps.app.goo.gl\/78HpEdgzq5Q9Vfff6\">C\/ de l&#8217;Hort d&#8217;Agust\u00ed 8, 46160 Ll\u00edria, Valencia<\/a><\/p>\n<p><strong>623 55 97 73<\/strong><\/p>\n<p><a class=\"fusion-button button-flat fusion-button-default-size button-default fusion-button-default button-1 fusion-button-default-span fusion-button-default-type\" href=\"https:\/\/www.google.es\/maps\/dir\/\/SA%C3%93+20-10+Espai+Gastron%C3%B2mic,+C%2F+de+l'Hort+d'Agust%C3%AD,+46160+Ll%C3%ADria,+Valencia\/@39.6298202,-0.6008648,17z\/data=!4m17!1m7!3m6!1s0xd605f14f9d37c31:0x2c26788258e06935!2sSA%C3%93+20-10+Espai+Gastron%C3%B2mic!8m2!3d39.6298161!4d-0.5982899!16s%2Fg%2F11ycgf7bsr!4m8!1m0!1m5!1m1!1s0xd605f14f9d37c31:0x2c26788258e06935!2m2!1d-0.5982899!2d39.6298161!3e3?entry=ttu&amp;g_ep=EgoyMDI1MDYxNy4wIKXMDSoASAFQAw%3D%3D\" target=\"_blank\" rel=\"noopener noreferrer\"><i class=\"fa-map-marker-alt fas button-icon-left\" aria-hidden=\"true\"><\/i><span class=\"fusion-button-text\">Anar al local<\/span><\/a><\/p>\n","protected":false},"featured_media":1045,"comment_status":"closed","ping_status":"closed","template":"","meta":[],"product_brand":[],"product_cat":[28],"product_tag":[],"class_list":{"0":"post-139","1":"product","2":"type-product","3":"status-publish","4":"has-post-thumbnail","6":"product_cat-most-popular","8":"first","9":"instock","10":"featured","11":"shipping-taxable","12":"product-type-simple"},"_links":{"self":[{"href":"https:\/\/esmorzaretlliria.com\/index.php\/wp-json\/wp\/v2\/product\/139","targetHints":{"allow":["GET"]}}],"collection":[{"href":"https:\/\/esmorzaretlliria.com\/index.php\/wp-json\/wp\/v2\/product"}],"about":[{"href":"https:\/\/esmorzaretlliria.com\/index.php\/wp-json\/wp\/v2\/types\/product"}],"replies":[{"embeddable":true,"href":"https:\/\/esmorzaretlliria.com\/index.php\/wp-json\/wp\/v2\/comments?post=139"}],"wp:featuredmedia":[{"embeddable":true,"href":"https:\/\/esmorzaretlliria.com\/index.php\/wp-json\/wp\/v2\/media\/1045"}],"wp:attachment":[{"href":"https:\/\/esmorzaretlliria.com\/index.php\/wp-json\/wp\/v2\/media?parent=139"}],"wp:term":[{"taxonomy":"product_brand","embeddable":true,"href":"https:\/\/esmorzaretlliria.com\/index.php\/wp-json\/wp\/v2\/product_brand?post=139"},{"taxonomy":"product_cat","embeddable":true,"href":"https:\/\/esmorzaretlliria.com\/index.php\/wp-json\/wp\/v2\/product_cat?post=139"},{"taxonomy":"product_tag","embeddable":true,"href":"https:\/\/esmorzaretlliria.com\/index.php\/wp-json\/wp\/v2\/product_tag?post=139"}],"curies":[{"name":"wp","href":"https:\/\/api.w.org\/{rel}","templated":true}]}}