{"id":18,"date":"2020-04-03T13:38:26","date_gmt":"2020-04-03T13:38:26","guid":{"rendered":"https:\/\/esmorzaretlliria.com\/?page_id=18"},"modified":"2025-07-03T07:57:30","modified_gmt":"2025-07-03T07:57:30","slug":"bases","status":"publish","type":"page","link":"https:\/\/esmorzaretlliria.com\/index.php\/bases\/","title":{"rendered":"Bases"},"content":{"rendered":"<p><div class=\"fusion-fullwidth fullwidth-box fusion-builder-row-1 fusion-flex-container has-pattern-background has-mask-background nonhundred-percent-fullwidth non-hundred-percent-height-scrolling\" style=\"--awb-border-radius-top-left:0px;--awb-border-radius-top-right:0px;--awb-border-radius-bottom-right:0px;--awb-border-radius-bottom-left:0px;--awb-flex-wrap:wrap;\" ><div class=\"fusion-builder-row fusion-row fusion-flex-align-items-flex-start fusion-flex-content-wrap\" style=\"max-width:1248px;margin-left: calc(-4% \/ 2 );margin-right: calc(-4% \/ 2 );\"><div class=\"fusion-layout-column fusion_builder_column fusion-builder-column-0 fusion_builder_column_1_1 1_1 fusion-flex-column fusion-no-small-visibility fusion-no-medium-visibility\" style=\"--awb-padding-top:40px;--awb-padding-right:20px;--awb-padding-left:20px;--awb-bg-color:var(--awb-color1);--awb-bg-color-hover:var(--awb-color1);--awb-bg-size:cover;--awb-width-large:100%;--awb-margin-top-large:-40px;--awb-spacing-right-large:1.92%;--awb-margin-bottom-large:20px;--awb-spacing-left-large:1.92%;--awb-width-medium:100%;--awb-spacing-right-medium:1.92%;--awb-spacing-left-medium:1.92%;--awb-width-small:100%;--awb-spacing-right-small:1.92%;--awb-spacing-left-small:1.92%;\"><div class=\"fusion-column-wrapper fusion-column-has-shadow fusion-flex-justify-content-flex-start fusion-content-layout-column\"><div class=\"fusion-builder-row fusion-builder-row-inner fusion-row fusion-flex-align-items-flex-start fusion-flex-content-wrap\" style=\"width:104% !important;max-width:104% !important;margin-left: calc(-4% \/ 2 );margin-right: calc(-4% \/ 2 );\"><div class=\"fusion-layout-column fusion_builder_column_inner fusion-builder-nested-column-0 fusion_builder_column_inner_1_4 1_4 fusion-flex-column\" style=\"--awb-padding-left:40px;--awb-bg-size:cover;--awb-width-large:25%;--awb-margin-top-large:0px;--awb-spacing-right-large:7.68%;--awb-margin-bottom-large:20px;--awb-spacing-left-large:7.68%;--awb-width-medium:100%;--awb-spacing-right-medium:1.92%;--awb-spacing-left-medium:1.92%;--awb-width-small:100%;--awb-spacing-right-small:1.92%;--awb-spacing-left-small:1.92%;\"><div class=\"fusion-column-wrapper fusion-column-has-shadow fusion-flex-justify-content-flex-start fusion-content-layout-column\"><ul style=\"--awb-iconcolor:var(--awb-color8);--awb-line-height:27.2px;--awb-icon-width:27.2px;--awb-icon-height:27.2px;--awb-icon-margin:11.2px;--awb-content-margin:38.4px;\" class=\"fusion-checklist fusion-checklist-1 fusion-checklist-default type-icons\"><li class=\"fusion-li-item\" style=\"\"><span class=\"icon-wrapper circle-no\"><i class=\"fusion-li-icon fa-home fas\" aria-hidden=\"true\"><\/i><\/span><div class=\"fusion-li-item-content\">\n<p><a href=\"https:\/\/esmorzaretlliria.com\/\" target=\"_blank\" rel=\"noopener\"><strong>Inici<\/strong><\/a><\/p>\n<\/div><\/li><\/ul><\/div><\/div><div class=\"fusion-layout-column fusion_builder_column_inner fusion-builder-nested-column-1 fusion_builder_column_inner_1_4 1_4 fusion-flex-column\" style=\"--awb-padding-left:40px;--awb-bg-size:cover;--awb-width-large:25%;--awb-margin-top-large:0px;--awb-spacing-right-large:7.68%;--awb-margin-bottom-large:20px;--awb-spacing-left-large:7.68%;--awb-width-medium:100%;--awb-spacing-right-medium:1.92%;--awb-spacing-left-medium:1.92%;--awb-width-small:100%;--awb-spacing-right-small:1.92%;--awb-spacing-left-small:1.92%;\"><div class=\"fusion-column-wrapper fusion-column-has-shadow fusion-flex-justify-content-flex-start fusion-content-layout-column\"><ul style=\"--awb-iconcolor:var(--awb-color8);--awb-line-height:27.2px;--awb-icon-width:27.2px;--awb-icon-height:27.2px;--awb-icon-margin:11.2px;--awb-content-margin:38.4px;\" class=\"fusion-checklist fusion-checklist-2 fusion-checklist-default type-icons\"><li class=\"fusion-li-item\" style=\"\"><span class=\"icon-wrapper circle-no\"><i class=\"fusion-li-icon fa-book fas\" aria-hidden=\"true\"><\/i><\/span><div class=\"fusion-li-item-content\">\n<p><a href=\"https:\/\/esmorzaretlliria.com\/index.php\/bases\/\" target=\"_blank\" rel=\"noopener\"><strong>Bases<\/strong><\/a><\/p>\n<\/div><\/li><\/ul><\/div><\/div><div class=\"fusion-layout-column fusion_builder_column_inner fusion-builder-nested-column-2 fusion_builder_column_inner_1_4 1_4 fusion-flex-column\" style=\"--awb-padding-left:40px;--awb-bg-size:cover;--awb-width-large:25%;--awb-margin-top-large:0px;--awb-spacing-right-large:7.68%;--awb-margin-bottom-large:20px;--awb-spacing-left-large:7.68%;--awb-width-medium:100%;--awb-spacing-right-medium:1.92%;--awb-spacing-left-medium:1.92%;--awb-width-small:100%;--awb-spacing-right-small:1.92%;--awb-spacing-left-small:1.92%;\"><div class=\"fusion-column-wrapper fusion-column-has-shadow fusion-flex-justify-content-flex-start fusion-content-layout-column\"><ul style=\"--awb-iconcolor:var(--awb-color8);--awb-line-height:27.2px;--awb-icon-width:27.2px;--awb-icon-height:27.2px;--awb-icon-margin:11.2px;--awb-content-margin:38.4px;\" class=\"fusion-checklist fusion-checklist-3 fusion-checklist-default type-icons\"><li class=\"fusion-li-item\" style=\"\"><span class=\"icon-wrapper circle-no\"><i class=\"fusion-li-icon fa-hamburger fas\" aria-hidden=\"true\"><\/i><\/span><div class=\"fusion-li-item-content\">\n<p><a href=\"https:\/\/esmorzaretlliria.com\/index.php\/participants\/\" target=\"_blank\" rel=\"noopener\"><strong>Participants<\/strong><\/a><\/p>\n<\/div><\/li><\/ul><\/div><\/div><div class=\"fusion-layout-column fusion_builder_column_inner fusion-builder-nested-column-3 fusion_builder_column_inner_1_4 1_4 fusion-flex-column\" style=\"--awb-padding-left:40px;--awb-bg-size:cover;--awb-width-large:25%;--awb-margin-top-large:0px;--awb-spacing-right-large:7.68%;--awb-margin-bottom-large:20px;--awb-spacing-left-large:7.68%;--awb-width-medium:100%;--awb-spacing-right-medium:1.92%;--awb-spacing-left-medium:1.92%;--awb-width-small:100%;--awb-spacing-right-small:1.92%;--awb-spacing-left-small:1.92%;\"><div class=\"fusion-column-wrapper fusion-column-has-shadow fusion-flex-justify-content-flex-start fusion-content-layout-column\"><ul style=\"--awb-iconcolor:var(--awb-color8);--awb-line-height:27.2px;--awb-icon-width:27.2px;--awb-icon-height:27.2px;--awb-icon-margin:11.2px;--awb-content-margin:38.4px;\" class=\"fusion-checklist fusion-checklist-4 fusion-checklist-default type-icons\"><li class=\"fusion-li-item\" style=\"\"><span class=\"icon-wrapper circle-no\"><i class=\"fusion-li-icon fa-bookmark fas\" aria-hidden=\"true\"><\/i><\/span><div class=\"fusion-li-item-content\">\n<p><a href=\"https:\/\/esmorzaretlliria.com\/index.php\/edicions\/\" target=\"_blank\" rel=\"noopener\"><strong>Edicions anteriors<\/strong><\/a><\/p>\n<\/div><\/li><\/ul><\/div><\/div><\/div><\/div><\/div>\n<\/div><\/div><div class=\"fusion-fullwidth fullwidth-box fusion-builder-row-2 fusion-flex-container nonhundred-percent-fullwidth non-hundred-percent-height-scrolling\" style=\"--awb-border-radius-top-left:0px;--awb-border-radius-top-right:0px;--awb-border-radius-bottom-right:0px;--awb-border-radius-bottom-left:0px;--awb-padding-top:6%;--awb-flex-wrap:wrap;\" ><div class=\"fusion-builder-row fusion-row fusion-flex-align-items-stretch fusion-flex-justify-content-center fusion-flex-content-wrap\" style=\"max-width:1248px;margin-left: calc(-4% \/ 2 );margin-right: calc(-4% \/ 2 );\"><div class=\"fusion-layout-column fusion_builder_column fusion-builder-column-1 fusion_builder_column_4_5 4_5 fusion-flex-column\" style=\"--awb-bg-size:cover;--awb-width-large:80%;--awb-margin-top-large:0px;--awb-spacing-right-large:2.4%;--awb-margin-bottom-large:60px;--awb-spacing-left-large:2.4%;--awb-width-medium:100%;--awb-spacing-right-medium:1.92%;--awb-spacing-left-medium:1.92%;--awb-width-small:100%;--awb-spacing-right-small:1.92%;--awb-spacing-left-small:1.92%;\"><div class=\"fusion-column-wrapper fusion-column-has-shadow fusion-flex-justify-content-center fusion-content-layout-row\"><div class=\"fusion-separator\" style=\"align-self: flex-start;margin-right:auto;margin-top:10px;margin-bottom:30px;width:100%;max-width:80px;\"><div class=\"fusion-separator-border sep-single sep-solid\" style=\"--awb-height:20px;--awb-amount:20px;--awb-sep-color:var(--awb-color5);border-color:var(--awb-color5);border-top-width:3px;\"><\/div><\/div><div class=\"fusion-text fusion-text-1\"><h4 style=\"text-align: left; --fontSize: 32; line-height: 1.16;\" data-fontsize=\"32\" data-lineheight=\"37.12px\" class=\"fusion-responsive-typography-calculated\">BASES ESMORZARET LLIRI\u00c0 2025<\/h4>\n<h4 data-fontsize=\"32\" style=\"--fontSize: 32; line-height: 1.16;\" data-lineheight=\"37.12px\" class=\"fusion-responsive-typography-calculated\">V EDICI\u00d3<\/h4>\n<\/div><div class=\"fusion-separator fusion-full-width-sep\" style=\"align-self: center;margin-left: auto;margin-right: auto;margin-top:30px;width:100%;\"><\/div><\/div><\/div><div class=\"fusion-layout-column fusion_builder_column fusion-builder-column-2 fusion_builder_column_4_5 4_5 fusion-flex-column\" style=\"--awb-bg-size:cover;--awb-width-large:80%;--awb-margin-top-large:0px;--awb-spacing-right-large:2.4%;--awb-margin-bottom-large:60px;--awb-spacing-left-large:2.4%;--awb-width-medium:100%;--awb-spacing-right-medium:1.92%;--awb-spacing-left-medium:1.92%;--awb-width-small:100%;--awb-spacing-right-small:1.92%;--awb-spacing-left-small:1.92%;\"><div class=\"fusion-column-wrapper fusion-column-has-shadow fusion-flex-justify-content-center fusion-content-layout-row\"><div class=\"fusion-separator\" style=\"align-self: flex-start;margin-right:auto;margin-top:10px;margin-bottom:30px;width:100%;max-width:80px;\"><div class=\"fusion-separator-border sep-single sep-solid\" style=\"--awb-height:20px;--awb-amount:20px;--awb-sep-color:var(--awb-color5);border-color:var(--awb-color5);border-top-width:3px;\"><\/div><\/div><div class=\"fusion-text fusion-text-2\"><ol>\n<li>\n<p><strong>Es obligatorio estar asociado a la Federaci\u00f3 del Comer\u00e7 de Ll\u00edria<\/strong><\/p>\n<\/li>\n<li>\n<p><strong>El esmorzaret consta de: GASTO, BEBIDA, BOCADILLO y CREMAET al precio com\u00fan de 8.90 \u20ac<\/strong><br \/><strong>GASTO:<\/strong>&nbsp;El gasto es libre y&nbsp;<strong>no se punt\u00faa por el jurado<\/strong><br \/><strong>BEBIDA:<\/strong>&nbsp;La bebida que entra en el esmorzaret es la&nbsp;<strong>cerveza \u00c1GUILA DORADA<\/strong>&nbsp;suministrada por Provea y el&nbsp;<strong>vino FINCA DEL MAR (CABERNET SAUVIGNON CRIANZA\/ VERDEJO)<\/strong>&nbsp;de Bodega Vicente Gand\u00eda,&nbsp;<strong>AGUA o REFRESCO<\/strong>.<\/p>\n<ul>\n<li><strong>Si el cliente quiere una cerveza distinta a \u00c1guila Dorada<\/strong>, se le sirve el \u00c1guila Dorada y la que os pida,&nbsp;<strong>cobr\u00e1ndole a parte la segunda consumici\u00f3n<\/strong>.<\/li>\n<li><strong>Si el cliente quiere vino<\/strong>, se sirve&nbsp;<strong>una copa por esmorzaret<\/strong>, llevando la botella a la mesa para servirlo para que el cliente vea qu\u00e9 vino se est\u00e1 sirviendo y&nbsp;<strong>retirando la botella al servir la copa<\/strong>.<\/li>\n<li><strong>Si el cliente quiere vino con gaseosa<\/strong>, la gaseosa&nbsp;<strong>se sirve y se cobra a parte<\/strong>.<br \/><strong>BOCADILLO:<\/strong>&nbsp;Todos los participantes deben crear un bocadillo, que debe estar compuesto por&nbsp;<strong>productos artesanos locales y de los comercios de Ll\u00edria<\/strong>.<\/li>\n<li>Los&nbsp;<strong>productos artesanos tradicionales deben estar elaborados en Ll\u00edria<\/strong>&nbsp;(embutidos, sobrasadas, pan\u2026),<\/li>\n<li>Los&nbsp;<strong>productos de proximidad deben adquirirse en comercios de Ll\u00edria<\/strong>&nbsp;(hortalizas, fiambres, huevos, tomate\u2026),<\/li>\n<li><strong>Solo se puede utilizar un producto libre<\/strong>&nbsp;(no adquirido en los comercios de Ll\u00edria)<\/li>\n<li><strong>No se pueden adquirir los ingredientes principales en Provea<\/strong><\/li>\n<li>La Federaci\u00f3&nbsp;<strong>se reserva el derecho de verificar el origen de los ingredientes<\/strong>&nbsp;y comprobar\u00e1 que se cumple este punto a lo largo de los tres meses.<\/li>\n<li><strong>El pan:<\/strong>\n<ul>\n<li>Si se adquiere en un horno de Ll\u00edria,&nbsp;<strong>se considera producto local<\/strong><\/li>\n<li>Si se adquiere en un horno de otra poblaci\u00f3n,&nbsp;<strong>se considera producto libre no adquirido en Ll\u00edria<\/strong><\/li>\n<li>Si se adquiere congelado y se hornea en vuestras instalaciones,&nbsp;<strong>se considera producto local<\/strong><\/li>\n<\/ul>\n<\/li>\n<li><strong>Las salsas:<\/strong>&nbsp;en caso de no adquirirlas en Ll\u00edria,&nbsp;<strong>se consideran productos libres y computar\u00e1n como tal<\/strong><br \/><strong>CREMAET:<\/strong><\/li>\n<li>Con el esmorzaret va el cremaet, por lo que&nbsp;<strong>debe servirse siempre que el cliente lo pida<\/strong><\/li>\n<li>Se puede servir cualquier otro tipo de caf\u00e9 o infusi\u00f3n si el cliente no quiere cremaet,&nbsp;<strong>sin incremento de precio<\/strong><\/li>\n<li><strong>El cremaet debe elaborarse por vosotros<\/strong>,&nbsp;<strong>no pudiendo servirse cremaet comprado<\/strong><\/li>\n<\/ul>\n<\/li>\n<li>\n<p><strong>La campa\u00f1a se desarrollar\u00e1 desde el 1 de Julio al 30 de septiembre<\/strong>, debiendo&nbsp;<strong>servir a diario el esmorzaret<\/strong>, a excepci\u00f3n de los d\u00edas de cierre y vacaciones&nbsp;<strong>que previamente comunicar\u00e9is a la organizaci\u00f3n<\/strong><\/p>\n<\/li>\n<li>\n<p>Con el fin de hacer una campa\u00f1a homog\u00e9nea, durante el tiempo que dure la misma los participantes&nbsp;<strong>tendr\u00e1n expuesta la carteler\u00eda de la campa\u00f1a de manera visible desde la calle<\/strong>, y&nbsp;<strong>necesariamente se colocar\u00e1 un mantel con cada esmorzaret que se sirva<\/strong>, ambos&nbsp;<strong>facilitados por la Federaci\u00f3<\/strong>, que se encargar\u00e1 del dise\u00f1o de la campa\u00f1a, flyers, carteles y manteles individuales para cada participante.<\/p>\n<\/li>\n<li>\n<p><strong>El jurado estar\u00e1 identificado en todo momento por la organizaci\u00f3n, pero no se dar\u00e1 a conocer como tal<\/strong>&nbsp;para poder hacer una consumici\u00f3n an\u00f3nima y una evaluaci\u00f3n realista.<\/p>\n<ul>\n<li>Los miembros del jurado realizar\u00e1n una consumici\u00f3n de un esmorzaret y valorar\u00e1n:\n<ul>\n<li><strong>El bocadillo<\/strong><\/li>\n<li><strong>La presentaci\u00f3n del mismo<\/strong><\/li>\n<li><strong>La colocaci\u00f3n de manteles y la carteler\u00eda<\/strong><\/li>\n<\/ul>\n<\/li>\n<li>Un integrante del jurado actuar\u00e1 como portavoz,&nbsp;<strong>recogiendo las valoraciones<\/strong>,&nbsp;<strong>contabilizando los puntos<\/strong>&nbsp;y&nbsp;<strong>guardando el secreto de las puntuaciones hasta la entrega de premios<\/strong><\/li>\n<li><strong>Los puntos a valorar por el jurado son un total de 18:<\/strong>\n<ul>\n<li>Ofrecer el esmorzaret:&nbsp;<strong>1 punto<\/strong><\/li>\n<li>Poner el mantel y tener la carteler\u00eda visible:&nbsp;<strong>1 punto<\/strong><\/li>\n<li>Servir el bocadillo en un tiempo inferior a 40 min desde que se pide:&nbsp;<strong>1 punto<\/strong><\/li>\n<li>Servir la bebida acordada:&nbsp;<strong>5 puntos<\/strong><\/li>\n<li>Valoraci\u00f3n del bocadillo en general:&nbsp;<strong>10 puntos<\/strong><\/li>\n<\/ul>\n<\/li>\n<\/ul>\n<\/li>\n<li>\n<p><strong>ACTOS<\/strong><br \/><strong>PRESENTACI\u00d3N:<\/strong><\/p>\n<ul>\n<li>Se realizar\u00e1 el&nbsp;<strong>mi\u00e9rcoles 25 de Junio a las 20.00 h en el Centro Multiusos<\/strong><\/li>\n<li><strong>Vuestra participaci\u00f3n es obligatoria<\/strong><\/li>\n<li>La presentaci\u00f3n consta del&nbsp;<strong>ACTO + DEGUSTACI\u00d3N<\/strong><\/li>\n<li>En el acto, montar\u00e9is vuestro bocadillo en el escenario mientras&nbsp;<strong>explic\u00e1is de qu\u00e9 ingredientes se compone<\/strong><\/li>\n<li>Para la degustaci\u00f3n deb\u00e9is preparar&nbsp;<strong>\u201cmontaditos\u201d r\u00e9plicas del bocadillo<\/strong>&nbsp;para que los invitados puedan probarlo<\/li>\n<li>La semana anterior a la presentaci\u00f3n&nbsp;<strong>os diremos cu\u00e1ntas degustaciones deb\u00e9is hacer<\/strong><br \/><strong>ENTREGA DE PREMIOS:<\/strong><\/li>\n<li>Se realizar\u00e1 el&nbsp;<strong>mi\u00e9rcoles 1 de Octubre<\/strong>, lugar por determinar<\/li>\n<\/ul>\n<\/li>\n<li>\n<p><strong>Los puntos anteriores son de obligado cumplimiento<\/strong>,&nbsp;<strong>no pudiendo optar al galard\u00f3n aquellos que no los cumplan en su totalidad<\/strong>, quedando tambi\u00e9n&nbsp;<strong>excluidos de participar en la campa\u00f1a el a\u00f1o siguiente<\/strong><\/p>\n<ul>\n<li><strong>Si alg\u00fan participante cierra su local definitivamente desde el inicio de la campa\u00f1a hasta el acto de la entrega de premios<\/strong>,&nbsp;<strong>quedar\u00e1 excluido de la campa\u00f1a y por tanto no optar\u00e1 al galard\u00f3n<\/strong><\/li>\n<\/ul>\n<\/li>\n<\/ol>\n<p><strong>Ll\u00edria, 16 de Mayo de 2025<\/strong><\/p>\n<\/div><div class=\"fusion-separator fusion-full-width-sep\" style=\"align-self: center;margin-left: auto;margin-right: auto;margin-top:30px;width:100%;\"><\/div><\/div><\/div><div class=\"fusion-layout-column fusion_builder_column fusion-builder-column-3 fusion_builder_column_4_5 4_5 fusion-flex-column\" style=\"--awb-bg-size:cover;--awb-width-large:80%;--awb-margin-top-large:0px;--awb-spacing-right-large:2.4%;--awb-margin-bottom-large:60px;--awb-spacing-left-large:2.4%;--awb-width-medium:100%;--awb-spacing-right-medium:1.92%;--awb-spacing-left-medium:1.92%;--awb-width-small:100%;--awb-spacing-right-small:1.92%;--awb-spacing-left-small:1.92%;\"><div class=\"fusion-column-wrapper fusion-column-has-shadow fusion-flex-justify-content-center fusion-content-layout-row\"><div class=\"fusion-separator\" style=\"align-self: flex-start;margin-right:auto;margin-top:10px;margin-bottom:30px;width:100%;max-width:80px;\"><div class=\"fusion-separator-border sep-single sep-solid\" style=\"--awb-height:20px;--awb-amount:20px;--awb-sep-color:var(--awb-color5);border-color:var(--awb-color5);border-top-width:3px;\"><\/div><\/div><div class=\"fusion-separator fusion-full-width-sep\" style=\"align-self: center;margin-left: auto;margin-right: auto;margin-top:30px;width:100%;\"><\/div><\/div><\/div><\/div><\/div><\/p>\n","protected":false},"excerpt":{"rendered":"","protected":false},"author":1,"featured_media":0,"parent":0,"menu_order":0,"comment_status":"closed","ping_status":"closed","template":"100-width.php","meta":{"footnotes":""},"class_list":["post-18","page","type-page","status-publish","hentry"],"_links":{"self":[{"href":"https:\/\/esmorzaretlliria.com\/index.php\/wp-json\/wp\/v2\/pages\/18","targetHints":{"allow":["GET"]}}],"collection":[{"href":"https:\/\/esmorzaretlliria.com\/index.php\/wp-json\/wp\/v2\/pages"}],"about":[{"href":"https:\/\/esmorzaretlliria.com\/index.php\/wp-json\/wp\/v2\/types\/page"}],"author":[{"embeddable":true,"href":"https:\/\/esmorzaretlliria.com\/index.php\/wp-json\/wp\/v2\/users\/1"}],"replies":[{"embeddable":true,"href":"https:\/\/esmorzaretlliria.com\/index.php\/wp-json\/wp\/v2\/comments?post=18"}],"version-history":[{"count":12,"href":"https:\/\/esmorzaretlliria.com\/index.php\/wp-json\/wp\/v2\/pages\/18\/revisions"}],"predecessor-version":[{"id":1106,"href":"https:\/\/esmorzaretlliria.com\/index.php\/wp-json\/wp\/v2\/pages\/18\/revisions\/1106"}],"wp:attachment":[{"href":"https:\/\/esmorzaretlliria.com\/index.php\/wp-json\/wp\/v2\/media?parent=18"}],"curies":[{"name":"wp","href":"https:\/\/api.w.org\/{rel}","templated":true}]}}